{"id":745,"date":"2021-08-20T16:11:15","date_gmt":"2021-08-20T19:11:15","guid":{"rendered":"http:\/\/www.locacaodemaquinas.com.br\/site\/?post_type=product&#038;p=745"},"modified":"2022-02-19T11:41:28","modified_gmt":"2022-02-19T14:41:28","slug":"martelo-perfurador","status":"publish","type":"product","link":"http:\/\/www.locacaodemaquinas.com.br\/site\/loja\/principais-marcas\/marca-dewalt\/martelo-perfurador\/","title":{"rendered":"Martelo Perfurador 5kg D25405K &#8211; Dewalt"},"content":{"rendered":"<p>&#8211; Mandril SDS Plus remov\u00edvel, sistema QCC, permite a coloca\u00e7\u00e3o de mandril para metal e madeira<\/p>\n<p>&#8211; Mecanismo de impacto maior, mais produtividade e rendimento<\/p>\n<p>&#8211; Desenho ergon\u00f4mico com punho revestido de borracha, maior comodidade e seguran\u00e7a em qualquer tipo de aplica\u00e7\u00e3o<\/p>\n<p>&#8211; Empunhadura lateral com guia de profundidade<\/p>\n<p>&#8211; Empunhadura posterior emborrachada em &#8220;D&#8221;, maior comodidade, menor vibra\u00e7\u00e3o, menos fadiga e mais produtividade<\/p>\n<p>&#8211; Seletor de modo de opera\u00e7\u00e3o maior, troca r\u00e1pida e f\u00e1cil de fun\u00e7\u00e3o<\/p>\n<p>&#8211; Velocidade Vari\u00e1vel, maior controle da ferramenta<\/p>\n<p>&#8211; Motor de alta pot\u00eancia e engrenagens helicoidais, \u00f3tima rela\u00e7\u00e3o velocidade pot\u00eancia com baixo ru\u00eddo<\/p>\n<p>&#8211; Perfura\u00e7\u00f5es de paredes, tetos e pisos de concreto, alvenaria ou rochas para instala\u00e7\u00e3o de pontos de fixa\u00e7\u00e3o e passagem de tubos e fios<\/p>\n<p>&#8211; Perfura\u00e7\u00f5es em perfis met\u00e1licos, madeiras e pl\u00e1sticos usando o mandril extra fornecido com o produto<\/p>\n<p>&#8211; Pequenas opera\u00e7\u00f5es de rompimento em alvenaria<\/p>\n","protected":false},"excerpt":{"rendered":"<p>&#8211; Mandril SDS Plus remov\u00edvel, sistema QCC, permite a coloca\u00e7\u00e3o de mandril para metal e madeira &#8211; Mecanismo de impacto maior, mais produtividade e rendimento &#8211; Desenho ergon\u00f4mico com punho revestido de borracha, maior comodidade e seguran\u00e7a em qualquer tipo de aplica\u00e7\u00e3o &#8211; Empunhadura lateral com guia de profundidade &#8211; Empunhadura posterior emborrachada em &#8220;D&#8221;, [&hellip;]<\/p>\n","protected":false},"featured_media":1335,"comment_status":"open","ping_status":"closed","template":"","meta":[],"product_cat":[143,347],"product_tag":[448,37,276,447,449],"acf":[],"_links":{"self":[{"href":"http:\/\/www.locacaodemaquinas.com.br\/site\/wp-json\/wp\/v2\/product\/745"}],"collection":[{"href":"http:\/\/www.locacaodemaquinas.com.br\/site\/wp-json\/wp\/v2\/product"}],"about":[{"href":"http:\/\/www.locacaodemaquinas.com.br\/site\/wp-json\/wp\/v2\/types\/product"}],"replies":[{"embeddable":true,"href":"http:\/\/www.locacaodemaquinas.com.br\/site\/wp-json\/wp\/v2\/comments?post=745"}],"wp:featuredmedia":[{"embeddable":true,"href":"http:\/\/www.locacaodemaquinas.com.br\/site\/wp-json\/wp\/v2\/media\/1335"}],"wp:attachment":[{"href":"http:\/\/www.locacaodemaquinas.com.br\/site\/wp-json\/wp\/v2\/media?parent=745"}],"wp:term":[{"taxonomy":"product_cat","embeddable":true,"href":"http:\/\/www.locacaodemaquinas.com.br\/site\/wp-json\/wp\/v2\/product_cat?post=745"},{"taxonomy":"product_tag","embeddable":true,"href":"http:\/\/www.locacaodemaquinas.com.br\/site\/wp-json\/wp\/v2\/product_tag?post=745"}],"curies":[{"name":"wp","href":"https:\/\/api.w.org\/{rel}","templated":true}]}}