{"id":753,"date":"2021-08-20T16:16:41","date_gmt":"2021-08-20T19:16:41","guid":{"rendered":"http:\/\/www.locacaodemaquinas.com.br\/site\/?post_type=product&#038;p=753"},"modified":"2022-07-06T15:47:35","modified_gmt":"2022-07-06T18:47:35","slug":"politriz","status":"publish","type":"product","link":"http:\/\/www.locacaodemaquinas.com.br\/site\/loja\/ferramenta-eletrica-2\/politriz-ferramenta-eletrica-2\/politriz\/","title":{"rendered":"Politriz 7\/9&#8243; DWP849X &#8211; Dewalt"},"content":{"rendered":"","protected":false},"excerpt":{"rendered":"<ul>\n<li>Controle eletr\u00f4nico preciso com velocidade vari\u00e1vel, mant\u00e9m a rota\u00e7\u00e3o constante para aplica\u00e7\u00e3o em diversos processos de polimento<\/li>\n<li>E-Switch Protection\u2122 Caso houver falta ou queda de energia repentina o motor permanece desligado mesmo com o interruptor ligado<\/li>\n<li>Engrenagens temperadas com usinagem precisa para opera\u00e7\u00e3o suave<\/li>\n<li>Caixa de engrenagem refor\u00e7ada em alum\u00ednio, com encaixes para a empunhadura lateral em ambos os lados<\/li>\n<li>Interruptor de gatilho com trava de uso cont\u00ednuo<\/li>\n<li>Empunhadura e caixa de engrenagem emborrachadas<\/li>\n<li>Empunhadura lateral e empunhadura tipo al\u00e7a<\/li>\n<li>Tela de prote\u00e7\u00e3o contra entrada de fibras de l\u00e3<\/li>\n<li>Acesso r\u00e1pido para troca de escovas de carv\u00e3o<\/li>\n<\/ul>\n","protected":false},"featured_media":1356,"comment_status":"open","ping_status":"closed","template":"","meta":[],"product_cat":[462,482,143,347],"product_tag":[37,276,303],"acf":[],"_links":{"self":[{"href":"http:\/\/www.locacaodemaquinas.com.br\/site\/wp-json\/wp\/v2\/product\/753"}],"collection":[{"href":"http:\/\/www.locacaodemaquinas.com.br\/site\/wp-json\/wp\/v2\/product"}],"about":[{"href":"http:\/\/www.locacaodemaquinas.com.br\/site\/wp-json\/wp\/v2\/types\/product"}],"replies":[{"embeddable":true,"href":"http:\/\/www.locacaodemaquinas.com.br\/site\/wp-json\/wp\/v2\/comments?post=753"}],"wp:featuredmedia":[{"embeddable":true,"href":"http:\/\/www.locacaodemaquinas.com.br\/site\/wp-json\/wp\/v2\/media\/1356"}],"wp:attachment":[{"href":"http:\/\/www.locacaodemaquinas.com.br\/site\/wp-json\/wp\/v2\/media?parent=753"}],"wp:term":[{"taxonomy":"product_cat","embeddable":true,"href":"http:\/\/www.locacaodemaquinas.com.br\/site\/wp-json\/wp\/v2\/product_cat?post=753"},{"taxonomy":"product_tag","embeddable":true,"href":"http:\/\/www.locacaodemaquinas.com.br\/site\/wp-json\/wp\/v2\/product_tag?post=753"}],"curies":[{"name":"wp","href":"https:\/\/api.w.org\/{rel}","templated":true}]}}