{"id":757,"date":"2021-08-20T16:20:30","date_gmt":"2021-08-20T19:20:30","guid":{"rendered":"http:\/\/www.locacaodemaquinas.com.br\/site\/?post_type=product&#038;p=757"},"modified":"2023-01-18T10:44:57","modified_gmt":"2023-01-18T13:44:57","slug":"serra-sabre","status":"publish","type":"product","link":"http:\/\/www.locacaodemaquinas.com.br\/site\/loja\/principais-marcas\/marca-dewalt\/serra-sabre\/","title":{"rendered":"Serra Sabre DW304PK Velocidade Vari\u00e1vel &#8211; Dewalt"},"content":{"rendered":"<ul>\n<li>4 posi\u00e7\u00f5es para instala\u00e7\u00e3o da l\u00e2mina;<\/li>\n<li>Engate r\u00e1pido da l\u00e2mina sem uso de chave;<\/li>\n<li>Interruptor com controle de velocidade vari\u00e1vel;<\/li>\n<li>Caixa de engrenagem com desenho ergon\u00f4mico e emborrachada;<\/li>\n<li>Mecanismo com contrapeso reduz a vibra\u00e7\u00e3o.<\/li>\n<\/ul>\n<div class=\"btn-controllers\"><\/div>\n","protected":false},"excerpt":{"rendered":"<h3>APLICA\u00c7\u00d5ES<\/h3>\n<ul>\n<li>Cortes em metais, madeiras e pl\u00e1sticos.<\/li>\n<\/ul>\n<p>Obs: Dispon\u00edvel apenas para Venda.<\/p>\n","protected":false},"featured_media":1467,"comment_status":"open","ping_status":"closed","template":"","meta":[],"product_cat":[347,45,522],"product_tag":[37,260,506],"acf":[],"_links":{"self":[{"href":"http:\/\/www.locacaodemaquinas.com.br\/site\/wp-json\/wp\/v2\/product\/757"}],"collection":[{"href":"http:\/\/www.locacaodemaquinas.com.br\/site\/wp-json\/wp\/v2\/product"}],"about":[{"href":"http:\/\/www.locacaodemaquinas.com.br\/site\/wp-json\/wp\/v2\/types\/product"}],"replies":[{"embeddable":true,"href":"http:\/\/www.locacaodemaquinas.com.br\/site\/wp-json\/wp\/v2\/comments?post=757"}],"wp:featuredmedia":[{"embeddable":true,"href":"http:\/\/www.locacaodemaquinas.com.br\/site\/wp-json\/wp\/v2\/media\/1467"}],"wp:attachment":[{"href":"http:\/\/www.locacaodemaquinas.com.br\/site\/wp-json\/wp\/v2\/media?parent=757"}],"wp:term":[{"taxonomy":"product_cat","embeddable":true,"href":"http:\/\/www.locacaodemaquinas.com.br\/site\/wp-json\/wp\/v2\/product_cat?post=757"},{"taxonomy":"product_tag","embeddable":true,"href":"http:\/\/www.locacaodemaquinas.com.br\/site\/wp-json\/wp\/v2\/product_tag?post=757"}],"curies":[{"name":"wp","href":"https:\/\/api.w.org\/{rel}","templated":true}]}}