{"id":767,"date":"2021-08-20T17:59:21","date_gmt":"2021-08-20T20:59:21","guid":{"rendered":"http:\/\/www.locacaodemaquinas.com.br\/site\/?post_type=product&#038;p=767"},"modified":"2022-07-06T15:52:52","modified_gmt":"2022-07-06T18:52:52","slug":"inversora-de-solda-lhn-150-220-v-esab","status":"publish","type":"product","link":"http:\/\/www.locacaodemaquinas.com.br\/site\/loja\/ferramenta-eletrica-2\/retificadeira\/inversora-de-solda-lhn-150-220-v-esab\/","title":{"rendered":"Inversora de solda LHN 150 \/ 220 V &#8211; Esab"},"content":{"rendered":"<p style=\"text-align: left;\">A corrente \u00e9 controlada por circuitos eletr\u00f4nicos especialmente desenvolvidos que asseguram a precis\u00e3o e estabilidade da corrente de soldagem.<\/p>\n<p style=\"text-align: left;\">Excelente abertura e estabilidade do arco. Excelente performance em soldagem na posi\u00e7\u00e3o vertical.<\/p>\n<p style=\"text-align: left;\">Possui prote\u00e7\u00e3o contra choques el\u00e9tricos, a tens\u00e3o de sa\u00edda \u00e9 reduzida automaticamente quando a m\u00e1quina n\u00e3o est\u00e1 soldando.<\/p>\n<p style=\"text-align: left;\">F\u00e1cil conex\u00e3o, possui conectores de sa\u00edda tipo conex\u00e3o r\u00e1pida, permitindo f\u00e1cil montagem e desmontagem sem o uso de ferramentas.<\/p>\n<p style=\"text-align: left;\">Possui sistema de prote\u00e7\u00e3o contra sobreaquecimento que garante a opera\u00e7\u00e3o segura dos componentes internos. No caso de sobreaquecimento, a fonte n\u00e3o fornece a corrente de soldagem e a l\u00e2mpada indicadora acende. Assim que os componentes<br \/>\ninternos atingirem a temperatura segura de opera\u00e7\u00e3o a fonte volta ao funcionamento normal e a l\u00e2mpada indicadora se apaga.<\/p>\n","protected":false},"excerpt":{"rendered":"<p>O retificador LHN 150 \u00e9 uma fonte de energia, projetada com a tecnologia IGTB, que<br \/>\nfornece corrente cont\u00ednua para a soldagem de eletrodos revestidos de a\u00e7os carbono,<br \/>\ninoxid\u00e1veis e ferro fundido. O LHN 150 pode ser utilizado para a soldagem de eletrodos<br \/>\nde 1,6 mm at\u00e9 3,25 mm de di\u00e2metro.<\/p>\n","protected":false},"featured_media":886,"comment_status":"open","ping_status":"closed","template":"","meta":[],"product_cat":[462,483,228],"product_tag":[355,322,353,319],"acf":[],"_links":{"self":[{"href":"http:\/\/www.locacaodemaquinas.com.br\/site\/wp-json\/wp\/v2\/product\/767"}],"collection":[{"href":"http:\/\/www.locacaodemaquinas.com.br\/site\/wp-json\/wp\/v2\/product"}],"about":[{"href":"http:\/\/www.locacaodemaquinas.com.br\/site\/wp-json\/wp\/v2\/types\/product"}],"replies":[{"embeddable":true,"href":"http:\/\/www.locacaodemaquinas.com.br\/site\/wp-json\/wp\/v2\/comments?post=767"}],"wp:featuredmedia":[{"embeddable":true,"href":"http:\/\/www.locacaodemaquinas.com.br\/site\/wp-json\/wp\/v2\/media\/886"}],"wp:attachment":[{"href":"http:\/\/www.locacaodemaquinas.com.br\/site\/wp-json\/wp\/v2\/media?parent=767"}],"wp:term":[{"taxonomy":"product_cat","embeddable":true,"href":"http:\/\/www.locacaodemaquinas.com.br\/site\/wp-json\/wp\/v2\/product_cat?post=767"},{"taxonomy":"product_tag","embeddable":true,"href":"http:\/\/www.locacaodemaquinas.com.br\/site\/wp-json\/wp\/v2\/product_tag?post=767"}],"curies":[{"name":"wp","href":"https:\/\/api.w.org\/{rel}","templated":true}]}}