{"id":768,"date":"2021-08-21T09:11:43","date_gmt":"2021-08-21T12:11:43","guid":{"rendered":"http:\/\/www.locacaodemaquinas.com.br\/site\/?post_type=product&#038;p=768"},"modified":"2022-01-25T10:52:03","modified_gmt":"2022-01-25T13:52:03","slug":"inversora-de-solda-lhn-161-220-v-esab","status":"publish","type":"product","link":"http:\/\/www.locacaodemaquinas.com.br\/site\/loja\/locacao\/solda-corte\/inversora-solda\/inversora-de-solda-lhn-161-220-v-esab\/","title":{"rendered":"Inversora de Solda LHN 162I \/ 220 V &#8211; Esab"},"content":{"rendered":"<p><strong>&#8211; Informa\u00e7\u00f5es 220V:<\/strong><\/p>\n<ul>\n<li>Tens\u00e3o em vazio: 55V<\/li>\n<li>Faixa de corrente (A): 10 &#8211; 160 A<\/li>\n<li>Ciclo de Trabalhos Eletrodos (SMAW):<\/li>\n<\/ul>\n<p>&#8211; &gt; 160 A\/ 26.4 V @ 30%<\/p>\n<p>&#8211; &gt; 88 A\/ 23.5 V @ 100%<\/p>\n<ul>\n<li>Ciclo de Trabalho TIG (GTAW):<\/li>\n<\/ul>\n<p>&#8211; &gt; 160 A\/ 16.4 V @ 30%<\/p>\n<p>&#8211; &gt; 88 A\/ 13.5 V @ 100%<\/p>\n<ul>\n<li>Gerador recomendado: 8kVA<\/li>\n<li>Disjuntor recomendado: 32 A.<strong><br \/>\n<\/strong><\/li>\n<\/ul>\n<p>&nbsp;<\/p>\n<p>&nbsp;<\/p>\n<p>&nbsp;<\/p>\n","protected":false},"excerpt":{"rendered":"<p>M\u00e1quina inversora de solda LHN 162I \u00e9 ideal para qualquer trabalho seja em campo, na oficina ou f\u00e1brica<\/p>\n","protected":false},"featured_media":877,"comment_status":"open","ping_status":"closed","template":"","meta":[],"product_cat":[228],"product_tag":[354,322,353,319],"acf":[],"_links":{"self":[{"href":"http:\/\/www.locacaodemaquinas.com.br\/site\/wp-json\/wp\/v2\/product\/768"}],"collection":[{"href":"http:\/\/www.locacaodemaquinas.com.br\/site\/wp-json\/wp\/v2\/product"}],"about":[{"href":"http:\/\/www.locacaodemaquinas.com.br\/site\/wp-json\/wp\/v2\/types\/product"}],"replies":[{"embeddable":true,"href":"http:\/\/www.locacaodemaquinas.com.br\/site\/wp-json\/wp\/v2\/comments?post=768"}],"wp:featuredmedia":[{"embeddable":true,"href":"http:\/\/www.locacaodemaquinas.com.br\/site\/wp-json\/wp\/v2\/media\/877"}],"wp:attachment":[{"href":"http:\/\/www.locacaodemaquinas.com.br\/site\/wp-json\/wp\/v2\/media?parent=768"}],"wp:term":[{"taxonomy":"product_cat","embeddable":true,"href":"http:\/\/www.locacaodemaquinas.com.br\/site\/wp-json\/wp\/v2\/product_cat?post=768"},{"taxonomy":"product_tag","embeddable":true,"href":"http:\/\/www.locacaodemaquinas.com.br\/site\/wp-json\/wp\/v2\/product_tag?post=768"}],"curies":[{"name":"wp","href":"https:\/\/api.w.org\/{rel}","templated":true}]}}