{"id":769,"date":"2021-08-21T09:12:53","date_gmt":"2021-08-21T12:12:53","guid":{"rendered":"http:\/\/www.locacaodemaquinas.com.br\/site\/?post_type=product&#038;p=769"},"modified":"2021-09-28T16:11:06","modified_gmt":"2021-09-28T19:11:06","slug":"inversora-de-solda-lhn-220-i-plus-220-v-esab","status":"publish","type":"product","link":"http:\/\/www.locacaodemaquinas.com.br\/site\/loja\/locacao\/solda-corte\/inversora-solda\/inversora-de-solda-lhn-220-i-plus-220-v-esab\/","title":{"rendered":"Inversora de solda LHN 220 I PLUS 220 V &#8211; ESAB"},"content":{"rendered":"<p>As principais caracter\u00edsticas da fonte inversora LHN 220i Plus s\u00e3o:<br \/>\n&#8211; Destaque para o pequeno volume e baixo peso, amplamente utilizada em pequenas e m\u00e9dias<br \/>\nind\u00fastrias, manuten\u00e7\u00e3o e trabalhos em campo.<br \/>\n&#8211; Excelente controle do arco, fundi\u00e7\u00e3o do metal e transfer\u00eancia do metal do eletrodo.<br \/>\n&#8211; Aplic\u00e1vel em soldagem descendente na posi\u00e7\u00e3o vertical, o comprimento do arco el\u00e9trico<br \/>\npermite a transfer\u00eancia por spray utilizando-se eletrodos celul\u00f3sicos.<br \/>\n&#8211; A alta performance do sistema de prote\u00e7\u00e3o que protege a fonte de superaquecimento, sobre<br \/>\ntens\u00e3o, sob tens\u00e3o, sobre corrente e assim por diante. Quando a varia\u00e7\u00e3o da rede de<br \/>\nalimenta\u00e7\u00e3o principal est\u00e1 entre \u00b1 10%, permite aumentar a tens\u00e3o quando a corrente de<br \/>\nsoldagem diminui. Devido ao \u00f3timo desempenho do sistema anti-ader\u00eancia do eletrodo, o<br \/>\nsistema de controle pode responder a varia\u00e7\u00f5es da rede de alimenta\u00e7\u00e3o, da pe\u00e7a de trabalho,<br \/>\ndo eletrodo e altera\u00e7\u00f5es operacionais com velocidade inferior a 1 m\/s, a fim de manter<br \/>\nconstante a corrente de sa\u00edda.<\/p>\n<p>&#8211; Sua exclusiva performance do arco el\u00e9trico permite satisfazer a necessidade de diferentes<br \/>\nprocedimentos de soldagem.<br \/>\n&#8211; F\u00e1cil conex\u00e3o. Para realizar as conex\u00f5es externas a LHN 220i Plus utiliza conectores que<br \/>\nfacilitam a conex\u00e3o r\u00e1pida, simples, confi\u00e1vel e segura. Nenhuma garantia ser\u00e1 fornecida se o<br \/>\nconte\u00fado do manual ou fun\u00e7\u00e3o de soldagem for alterada.<\/p>\n","protected":false},"excerpt":{"rendered":"<p>As principais caracter\u00edsticas da fonte inversora LHN 220i Plus s\u00e3o: &#8211; Destaque para o pequeno volume e baixo peso, amplamente utilizada em pequenas e m\u00e9dias ind\u00fastrias, manuten\u00e7\u00e3o e trabalhos em campo. &#8211; Excelente controle do arco, fundi\u00e7\u00e3o do metal e transfer\u00eancia do metal do eletrodo. &#8211; Aplic\u00e1vel em soldagem descendente na posi\u00e7\u00e3o vertical, o comprimento [&hellip;]<\/p>\n","protected":false},"featured_media":884,"comment_status":"open","ping_status":"closed","template":"","meta":[],"product_cat":[228],"product_tag":[323,322,320,319],"acf":[],"_links":{"self":[{"href":"http:\/\/www.locacaodemaquinas.com.br\/site\/wp-json\/wp\/v2\/product\/769"}],"collection":[{"href":"http:\/\/www.locacaodemaquinas.com.br\/site\/wp-json\/wp\/v2\/product"}],"about":[{"href":"http:\/\/www.locacaodemaquinas.com.br\/site\/wp-json\/wp\/v2\/types\/product"}],"replies":[{"embeddable":true,"href":"http:\/\/www.locacaodemaquinas.com.br\/site\/wp-json\/wp\/v2\/comments?post=769"}],"wp:featuredmedia":[{"embeddable":true,"href":"http:\/\/www.locacaodemaquinas.com.br\/site\/wp-json\/wp\/v2\/media\/884"}],"wp:attachment":[{"href":"http:\/\/www.locacaodemaquinas.com.br\/site\/wp-json\/wp\/v2\/media?parent=769"}],"wp:term":[{"taxonomy":"product_cat","embeddable":true,"href":"http:\/\/www.locacaodemaquinas.com.br\/site\/wp-json\/wp\/v2\/product_cat?post=769"},{"taxonomy":"product_tag","embeddable":true,"href":"http:\/\/www.locacaodemaquinas.com.br\/site\/wp-json\/wp\/v2\/product_tag?post=769"}],"curies":[{"name":"wp","href":"https:\/\/api.w.org\/{rel}","templated":true}]}}