{"id":770,"date":"2021-08-21T09:14:36","date_gmt":"2021-08-21T12:14:36","guid":{"rendered":"http:\/\/www.locacaodemaquinas.com.br\/site\/?post_type=product&#038;p=770"},"modified":"2022-09-05T10:42:55","modified_gmt":"2022-09-05T13:42:55","slug":"inversora-solda-flama-221-220-v","status":"publish","type":"product","link":"http:\/\/www.locacaodemaquinas.com.br\/site\/loja\/locacao\/solda-corte\/inversora-solda\/inversora-solda-flama-221-220-v\/","title":{"rendered":"Inversora Solda Flama 221 &#8211; 220 V &#8211; Boxer Soldas"},"content":{"rendered":"<p>Todos os modelos da linha FLAMA possuem o selo \u201csem parar\u201d para soldar determinada bitola de eletrodo sem que a m\u00e1quina precise parar para descansar e atrasar o seu trabalho.<\/p>\n<p>Essa linha de m\u00e1quinas \u00e9 capaz de identificar o que o soldador est\u00e1 fazendo com a solda e agir com fun\u00e7\u00f5es especiais para facilitar o trabalho.<\/p>\n<p>A fun\u00e7\u00e3o &#8220;Hot Start&#8221; facilita bastante a abertura do arco. J\u00e1 o &#8220;Antisstick&#8221; corta a corrente, caso o eletrodo grude na pe\u00e7a para que o mesmo eletrodo possa ser usado na pr\u00f3xima solda.<\/p>\n<p>A linha FLAMA possui uma tecnologia que a torna \u00fanica: soldar eletrodos diferentes do comum 6013, como 7018, inox, ferro fundido, alum\u00ednio e 6010, \u00e9 uma das grandes vantagens da FLAMA 221.<\/p>\n","protected":false},"excerpt":{"rendered":"<p>As m\u00e1quinas FLAMA foram projetadas para encarar qualquer tipo de trabalho e oferecer as maiores pot\u00eancias da categoria.<\/p>\n","protected":false},"featured_media":873,"comment_status":"open","ping_status":"closed","template":"","meta":[],"product_cat":[228,45,529],"product_tag":[326,325,324,353,319],"acf":[],"_links":{"self":[{"href":"http:\/\/www.locacaodemaquinas.com.br\/site\/wp-json\/wp\/v2\/product\/770"}],"collection":[{"href":"http:\/\/www.locacaodemaquinas.com.br\/site\/wp-json\/wp\/v2\/product"}],"about":[{"href":"http:\/\/www.locacaodemaquinas.com.br\/site\/wp-json\/wp\/v2\/types\/product"}],"replies":[{"embeddable":true,"href":"http:\/\/www.locacaodemaquinas.com.br\/site\/wp-json\/wp\/v2\/comments?post=770"}],"wp:featuredmedia":[{"embeddable":true,"href":"http:\/\/www.locacaodemaquinas.com.br\/site\/wp-json\/wp\/v2\/media\/873"}],"wp:attachment":[{"href":"http:\/\/www.locacaodemaquinas.com.br\/site\/wp-json\/wp\/v2\/media?parent=770"}],"wp:term":[{"taxonomy":"product_cat","embeddable":true,"href":"http:\/\/www.locacaodemaquinas.com.br\/site\/wp-json\/wp\/v2\/product_cat?post=770"},{"taxonomy":"product_tag","embeddable":true,"href":"http:\/\/www.locacaodemaquinas.com.br\/site\/wp-json\/wp\/v2\/product_tag?post=770"}],"curies":[{"name":"wp","href":"https:\/\/api.w.org\/{rel}","templated":true}]}}