{"id":773,"date":"2021-08-21T09:43:23","date_gmt":"2021-08-21T12:43:23","guid":{"rendered":"http:\/\/www.locacaodemaquinas.com.br\/site\/?post_type=product&#038;p=773"},"modified":"2025-06-09T17:02:53","modified_gmt":"2025-06-09T20:02:53","slug":"caminhao-guindaste-23-toneladas","status":"publish","type":"product","link":"http:\/\/www.locacaodemaquinas.com.br\/site\/loja\/locacao\/movimentacao\/caminhao-guindaste-movimentacao-yamaji-locacao\/caminhao-guindaste-23-toneladas\/","title":{"rendered":"Caminh\u00e3o Guindaste 23 Toneladas"},"content":{"rendered":"<h2>VANTAGENS EM OPTAR PELA LOCA\u00c7\u00c3O DE CAMINH\u00c3O GUINDASTE<\/h2>\n<h3>Praticidade na movimenta\u00e7\u00e3o de cargas<\/h3>\n<p>Sua tecnologia permite a movimenta\u00e7\u00e3o de grandes cargas com facilidade, possibilitando deslocamentos mesmo em terrenos acidentados ou locais de dif\u00edcil acesso. Sem restri\u00e7\u00f5es para transitar em vias p\u00fablicas, tamb\u00e9m pode ser facilmente operado em obras urbanas.<\/p>\n<h3>Boa rela\u00e7\u00e3o custo-benef\u00edcio<\/h3>\n<p>Ao optar pela loca\u00e7\u00e3o de caminh\u00e3o guindaste para um projeto, o or\u00e7amento acaba sendo poupado de grandes gastos com manuten\u00e7\u00f5es.<\/p>\n<h3>Seguran\u00e7a<\/h3>\n<p>A precis\u00e3o n\u00e3o p\u00f5e em risco colaboradores e operadores durante o transporte das cargas.<\/p>\n<p>&nbsp;<\/p>\n<h3>Transporte de at\u00e9 2 ve\u00edculos<\/h3>\n<p>&nbsp;<\/p>\n<p>&nbsp;<\/p>\n","protected":false},"excerpt":{"rendered":"<p>VANTAGENS EM OPTAR PELA LOCA\u00c7\u00c3O DE CAMINH\u00c3O GUINDASTE Praticidade na movimenta\u00e7\u00e3o de cargas Sua tecnologia permite a movimenta\u00e7\u00e3o de grandes cargas com facilidade, possibilitando deslocamentos mesmo em terrenos acidentados ou locais de dif\u00edcil acesso. Sem restri\u00e7\u00f5es para transitar em vias p\u00fablicas, tamb\u00e9m pode ser facilmente operado em obras urbanas. Boa rela\u00e7\u00e3o custo-benef\u00edcio Ao optar pela [&hellip;]<\/p>\n","protected":false},"featured_media":2212,"comment_status":"open","ping_status":"closed","template":"","meta":[],"product_cat":[44,184,187,185,202,203],"product_tag":[973,327,328,331,332],"acf":[],"_links":{"self":[{"href":"http:\/\/www.locacaodemaquinas.com.br\/site\/wp-json\/wp\/v2\/product\/773"}],"collection":[{"href":"http:\/\/www.locacaodemaquinas.com.br\/site\/wp-json\/wp\/v2\/product"}],"about":[{"href":"http:\/\/www.locacaodemaquinas.com.br\/site\/wp-json\/wp\/v2\/types\/product"}],"replies":[{"embeddable":true,"href":"http:\/\/www.locacaodemaquinas.com.br\/site\/wp-json\/wp\/v2\/comments?post=773"}],"wp:featuredmedia":[{"embeddable":true,"href":"http:\/\/www.locacaodemaquinas.com.br\/site\/wp-json\/wp\/v2\/media\/2212"}],"wp:attachment":[{"href":"http:\/\/www.locacaodemaquinas.com.br\/site\/wp-json\/wp\/v2\/media?parent=773"}],"wp:term":[{"taxonomy":"product_cat","embeddable":true,"href":"http:\/\/www.locacaodemaquinas.com.br\/site\/wp-json\/wp\/v2\/product_cat?post=773"},{"taxonomy":"product_tag","embeddable":true,"href":"http:\/\/www.locacaodemaquinas.com.br\/site\/wp-json\/wp\/v2\/product_tag?post=773"}],"curies":[{"name":"wp","href":"https:\/\/api.w.org\/{rel}","templated":true}]}}