{"id":775,"date":"2021-08-21T09:51:17","date_gmt":"2021-08-21T12:51:17","guid":{"rendered":"http:\/\/www.locacaodemaquinas.com.br\/site\/?post_type=product&#038;p=775"},"modified":"2021-09-24T16:04:58","modified_gmt":"2021-09-24T19:04:58","slug":"pulverizador-16-l-pj-16-jacto","status":"publish","type":"product","link":"http:\/\/www.locacaodemaquinas.com.br\/site\/loja\/locacao\/jardinagem\/pulverizador-costal\/pulverizador-16-l-pj-16-jacto\/","title":{"rendered":"Pulverizador 16 L &#8211; PJ 16 &#8211; Jacto"},"content":{"rendered":"","protected":false},"excerpt":{"rendered":"<p>O pulverizador PJ 16, da Jacto, oferece material com prote\u00e7\u00e3o UV e veda\u00e7\u00e3o resistente.<\/p>\n<p>Seus diferenciais s\u00e3o a c\u00e2mara e base met\u00e1lica anticorrosivos.<\/p>\n<p>Ideal para horticultura, jardinagem, aplica\u00e7\u00e3o de defensivos em resid\u00eancias e escrit\u00f3rios, lavagem de bancos e moveis de jardim, aplica\u00e7\u00e3o de impermeabilizantes<\/p>\n<p>&nbsp;<\/p>\n","protected":false},"featured_media":861,"comment_status":"open","ping_status":"closed","template":"","meta":[],"product_cat":[198],"product_tag":[279,334,335,336,333],"acf":[],"_links":{"self":[{"href":"http:\/\/www.locacaodemaquinas.com.br\/site\/wp-json\/wp\/v2\/product\/775"}],"collection":[{"href":"http:\/\/www.locacaodemaquinas.com.br\/site\/wp-json\/wp\/v2\/product"}],"about":[{"href":"http:\/\/www.locacaodemaquinas.com.br\/site\/wp-json\/wp\/v2\/types\/product"}],"replies":[{"embeddable":true,"href":"http:\/\/www.locacaodemaquinas.com.br\/site\/wp-json\/wp\/v2\/comments?post=775"}],"wp:featuredmedia":[{"embeddable":true,"href":"http:\/\/www.locacaodemaquinas.com.br\/site\/wp-json\/wp\/v2\/media\/861"}],"wp:attachment":[{"href":"http:\/\/www.locacaodemaquinas.com.br\/site\/wp-json\/wp\/v2\/media?parent=775"}],"wp:term":[{"taxonomy":"product_cat","embeddable":true,"href":"http:\/\/www.locacaodemaquinas.com.br\/site\/wp-json\/wp\/v2\/product_cat?post=775"},{"taxonomy":"product_tag","embeddable":true,"href":"http:\/\/www.locacaodemaquinas.com.br\/site\/wp-json\/wp\/v2\/product_tag?post=775"}],"curies":[{"name":"wp","href":"https:\/\/api.w.org\/{rel}","templated":true}]}}