{"id":796,"date":"2021-08-24T17:25:52","date_gmt":"2021-08-24T20:25:52","guid":{"rendered":"http:\/\/www.locacaodemaquinas.com.br\/site\/?post_type=product&#038;p=796"},"modified":"2022-07-12T12:10:56","modified_gmt":"2022-07-12T15:10:56","slug":"maquina-de-cortar-grama-mc50e-trapp-110-220v","status":"publish","type":"product","link":"http:\/\/www.locacaodemaquinas.com.br\/site\/loja\/locacao\/jardinagem\/maquina-cortar-grama\/maquina-de-cortar-grama-mc50e-trapp-110-220v\/","title":{"rendered":"M\u00e1quina de Cortar Grama MC50E 110\/220V &#8211; Trapp"},"content":{"rendered":"<h3>Aplica\u00e7\u00e3o<\/h3>\n<p class=\"mb20\">Recomendado para jardins residenciais, parques, campos de futebol ou \u00e1reas de at\u00e9 800m\u00b2.<\/p>\n","protected":false},"excerpt":{"rendered":"<p>CARACTER\u00cdSTICAS<\/p>\n<ul>\n<li>Equipado com bot\u00e3o trava de seguran\u00e7a que impede o acionamento acidental da m\u00e1quina, liberando a partida do motor, somente quando pressionado;<\/li>\n<li>Chave el\u00e9trica interruptora bipolar, que permite isola\u00e7\u00e3o total e independente da posi\u00e7\u00e3o do plugue na tomada;<\/li>\n<li>Cabo ergon\u00f4mico para maior conforto do operador e dobr\u00e1vel facilitando o transporte e armazenamento;<\/li>\n<li>Base em chapa de a\u00e7o de 1,9mm de espessura;<\/li>\n<li>Rodas de polietileno de alta densidade revestida com PVC;<\/li>\n<li>Sa\u00edda Lateral;<\/li>\n<li>L\u00e2mina em a\u00e7o especial, espessura de 3mm com t\u00eampera total;<\/li>\n<li>Regulagem de altura: 5 posi\u00e7\u00f5es que varia de 3,3cm a 7,0cm. Sistema de regulagem de altura independente nas 4 rodas que\u00a0 permite efetuar o corte do gramado numa \u00fanica opera\u00e7\u00e3o e o acabamento na borda dos canteiros;<\/li>\n<li>Todas as pe\u00e7as recebem tratamento anticorrosivo e pintura com tinta a p\u00f3 de poli\u00e9ster polimerizado em estufa a 220\u00b0C, garantindo maior durabilidade e acabamento;<\/li>\n<li>Rendimento aproximado de 800m\u00b2\/h;<\/li>\n<li>Garantia: 12 meses.<\/li>\n<\/ul>\n","protected":false},"featured_media":853,"comment_status":"open","ping_status":"closed","template":"","meta":[],"product_cat":[195],"product_tag":[341,336,339,340],"acf":[],"_links":{"self":[{"href":"http:\/\/www.locacaodemaquinas.com.br\/site\/wp-json\/wp\/v2\/product\/796"}],"collection":[{"href":"http:\/\/www.locacaodemaquinas.com.br\/site\/wp-json\/wp\/v2\/product"}],"about":[{"href":"http:\/\/www.locacaodemaquinas.com.br\/site\/wp-json\/wp\/v2\/types\/product"}],"replies":[{"embeddable":true,"href":"http:\/\/www.locacaodemaquinas.com.br\/site\/wp-json\/wp\/v2\/comments?post=796"}],"wp:featuredmedia":[{"embeddable":true,"href":"http:\/\/www.locacaodemaquinas.com.br\/site\/wp-json\/wp\/v2\/media\/853"}],"wp:attachment":[{"href":"http:\/\/www.locacaodemaquinas.com.br\/site\/wp-json\/wp\/v2\/media?parent=796"}],"wp:term":[{"taxonomy":"product_cat","embeddable":true,"href":"http:\/\/www.locacaodemaquinas.com.br\/site\/wp-json\/wp\/v2\/product_cat?post=796"},{"taxonomy":"product_tag","embeddable":true,"href":"http:\/\/www.locacaodemaquinas.com.br\/site\/wp-json\/wp\/v2\/product_tag?post=796"}],"curies":[{"name":"wp","href":"https:\/\/api.w.org\/{rel}","templated":true}]}}