{"id":963,"date":"2021-11-04T16:01:56","date_gmt":"2021-11-04T19:01:56","guid":{"rendered":"http:\/\/www.locacaodemaquinas.com.br\/site\/?post_type=product&#038;p=963"},"modified":"2022-01-25T17:33:15","modified_gmt":"2022-01-25T20:33:15","slug":"lavadora-de-alta-pressao-re-143-stihl","status":"publish","type":"product","link":"http:\/\/www.locacaodemaquinas.com.br\/site\/loja\/principais-marcas\/marca-stihl\/lavadora-de-alta-pressao-re-143-stihl\/","title":{"rendered":"Lavadora de Alta Press\u00e3o RE 143 STIHL"},"content":{"rendered":"<p>Obs: Sob os termos da marca STIHL, n\u00e3o estamos autorizados a vend\u00ea-los pela internet, mas voc\u00ea pode visitar a nossa loja f\u00edsica.<\/p>\n","protected":false},"excerpt":{"rendered":"<p>As lavadoras de alta press\u00e3o da STIHL deixam o trabalho de limpeza muito mais simples.<\/p>\n<p>Os diferentes acess\u00f3rios foram especialmente projetados para facilitar a vida dos usu\u00e1rios em usos diferentes e antes complicados.<\/p>\n<p>Lavadoras STIHL: ideais para voc\u00ea lavar mais e melhor.<\/p>\n","protected":false},"featured_media":1204,"comment_status":"open","ping_status":"closed","template":"","meta":[],"product_cat":[209,343],"product_tag":[363,364],"acf":[],"_links":{"self":[{"href":"http:\/\/www.locacaodemaquinas.com.br\/site\/wp-json\/wp\/v2\/product\/963"}],"collection":[{"href":"http:\/\/www.locacaodemaquinas.com.br\/site\/wp-json\/wp\/v2\/product"}],"about":[{"href":"http:\/\/www.locacaodemaquinas.com.br\/site\/wp-json\/wp\/v2\/types\/product"}],"replies":[{"embeddable":true,"href":"http:\/\/www.locacaodemaquinas.com.br\/site\/wp-json\/wp\/v2\/comments?post=963"}],"wp:featuredmedia":[{"embeddable":true,"href":"http:\/\/www.locacaodemaquinas.com.br\/site\/wp-json\/wp\/v2\/media\/1204"}],"wp:attachment":[{"href":"http:\/\/www.locacaodemaquinas.com.br\/site\/wp-json\/wp\/v2\/media?parent=963"}],"wp:term":[{"taxonomy":"product_cat","embeddable":true,"href":"http:\/\/www.locacaodemaquinas.com.br\/site\/wp-json\/wp\/v2\/product_cat?post=963"},{"taxonomy":"product_tag","embeddable":true,"href":"http:\/\/www.locacaodemaquinas.com.br\/site\/wp-json\/wp\/v2\/product_tag?post=963"}],"curies":[{"name":"wp","href":"https:\/\/api.w.org\/{rel}","templated":true}]}}