{"id":964,"date":"2021-11-04T16:38:55","date_gmt":"2021-11-04T19:38:55","guid":{"rendered":"http:\/\/www.locacaodemaquinas.com.br\/site\/?post_type=product&#038;p=964"},"modified":"2025-10-06T16:16:37","modified_gmt":"2025-10-06T19:16:37","slug":"rocadeira-lateral-a-gasolina-fs-350-stihl","status":"publish","type":"product","link":"http:\/\/www.locacaodemaquinas.com.br\/site\/loja\/principais-marcas\/marca-stihl\/rocadeira-lateral-a-gasolina-fs-350-stihl\/","title":{"rendered":"Ro\u00e7adeira Lateral \u00e0 Gasolina FS 350 STIHL"},"content":{"rendered":"","protected":false},"excerpt":{"rendered":"<div class=\"tabs\">\n<div class=\"wrapper_content\">\n<div class=\"tabbody tabbody_large container_tab_1\">\n<div class=\"product-slider-wrapper\">\n<div class=\"product-slider-control\">A <b>ro\u00e7adeira STIHL FS 350\u00a0<\/b>une pot\u00eancia, tecnologia e conforto para garantir alta produtividade no trabalho. Voltada para os mercados agropecu\u00e1rio, florestal e de jardinagem, \u00e9 equipada com um exclusivo sistema antivibrat\u00f3rio que torna o trabalho confort\u00e1vel e facilita o dia a dia do operador.<\/div>\n<div>Fonte: STIHL<\/div>\n<\/div>\n<\/div>\n<\/div>\n<\/div>\n","protected":false},"featured_media":966,"comment_status":"open","ping_status":"closed","template":"","meta":[],"product_cat":[199,343],"product_tag":[968,266,365,364],"acf":[],"_links":{"self":[{"href":"http:\/\/www.locacaodemaquinas.com.br\/site\/wp-json\/wp\/v2\/product\/964"}],"collection":[{"href":"http:\/\/www.locacaodemaquinas.com.br\/site\/wp-json\/wp\/v2\/product"}],"about":[{"href":"http:\/\/www.locacaodemaquinas.com.br\/site\/wp-json\/wp\/v2\/types\/product"}],"replies":[{"embeddable":true,"href":"http:\/\/www.locacaodemaquinas.com.br\/site\/wp-json\/wp\/v2\/comments?post=964"}],"wp:featuredmedia":[{"embeddable":true,"href":"http:\/\/www.locacaodemaquinas.com.br\/site\/wp-json\/wp\/v2\/media\/966"}],"wp:attachment":[{"href":"http:\/\/www.locacaodemaquinas.com.br\/site\/wp-json\/wp\/v2\/media?parent=964"}],"wp:term":[{"taxonomy":"product_cat","embeddable":true,"href":"http:\/\/www.locacaodemaquinas.com.br\/site\/wp-json\/wp\/v2\/product_cat?post=964"},{"taxonomy":"product_tag","embeddable":true,"href":"http:\/\/www.locacaodemaquinas.com.br\/site\/wp-json\/wp\/v2\/product_tag?post=964"}],"curies":[{"name":"wp","href":"https:\/\/api.w.org\/{rel}","templated":true}]}}