{"id":970,"date":"2021-11-17T17:53:12","date_gmt":"2021-11-17T20:53:12","guid":{"rendered":"http:\/\/www.locacaodemaquinas.com.br\/site\/?post_type=product&#038;p=970"},"modified":"2025-10-06T16:16:47","modified_gmt":"2025-10-06T19:16:47","slug":"rocadeira-lateral-a-gasolina-fs-300-stihl","status":"publish","type":"product","link":"http:\/\/www.locacaodemaquinas.com.br\/site\/loja\/principais-marcas\/marca-stihl\/rocadeira-lateral-a-gasolina-fs-300-stihl\/","title":{"rendered":"Ro\u00e7adeira Lateral \u00e0 Gasolina FS 300 STIHL"},"content":{"rendered":"","protected":false},"excerpt":{"rendered":"<p>Redu\u00e7\u00e3o das vibra\u00e7\u00f5es, alta pot\u00eancia e o baixo consumo de combust\u00edvel s\u00e3o caracter\u00edsticas da\u00a0<b>ro\u00e7adeira STIHL FS 300<\/b>. Perfeita para trabalhos profissionais nos mercados agropecu\u00e1rio, florestal e de jardinagem. Desenvolvida para o corte de vegeta\u00e7\u00e3o densa e entrela\u00e7ada e desbrota de plantas jovens, a ro\u00e7adeira STIHL FS 300 presenta um conjunto completo de benef\u00edcios para quem procura alto desempenho, como por exemplo sistema antivibrat\u00f3rio, sistema Elastostart, que possibilita um arranque uniforme e suave, abertura de tampas sem necessidade de equipamentos e moderno filtro de ar.<\/p>\n<p>Fonte: STIHL<\/p>\n","protected":false},"featured_media":972,"comment_status":"open","ping_status":"closed","template":"","meta":[],"product_cat":[199,343],"product_tag":[266,365,364],"acf":[],"_links":{"self":[{"href":"http:\/\/www.locacaodemaquinas.com.br\/site\/wp-json\/wp\/v2\/product\/970"}],"collection":[{"href":"http:\/\/www.locacaodemaquinas.com.br\/site\/wp-json\/wp\/v2\/product"}],"about":[{"href":"http:\/\/www.locacaodemaquinas.com.br\/site\/wp-json\/wp\/v2\/types\/product"}],"replies":[{"embeddable":true,"href":"http:\/\/www.locacaodemaquinas.com.br\/site\/wp-json\/wp\/v2\/comments?post=970"}],"wp:featuredmedia":[{"embeddable":true,"href":"http:\/\/www.locacaodemaquinas.com.br\/site\/wp-json\/wp\/v2\/media\/972"}],"wp:attachment":[{"href":"http:\/\/www.locacaodemaquinas.com.br\/site\/wp-json\/wp\/v2\/media?parent=970"}],"wp:term":[{"taxonomy":"product_cat","embeddable":true,"href":"http:\/\/www.locacaodemaquinas.com.br\/site\/wp-json\/wp\/v2\/product_cat?post=970"},{"taxonomy":"product_tag","embeddable":true,"href":"http:\/\/www.locacaodemaquinas.com.br\/site\/wp-json\/wp\/v2\/product_tag?post=970"}],"curies":[{"name":"wp","href":"https:\/\/api.w.org\/{rel}","templated":true}]}}