{"id":986,"date":"2021-11-18T15:13:53","date_gmt":"2021-11-18T18:13:53","guid":{"rendered":"http:\/\/www.locacaodemaquinas.com.br\/site\/?post_type=product&#038;p=986"},"modified":"2025-03-19T16:46:33","modified_gmt":"2025-03-19T19:46:33","slug":"soprador-bg-86-c-e-stihl","status":"publish","type":"product","link":"http:\/\/www.locacaodemaquinas.com.br\/site\/loja\/principais-marcas\/marca-stihl\/soprador-bg-86-c-e-stihl\/","title":{"rendered":"Soprador BG 86 C-E STIHL"},"content":{"rendered":"","protected":false},"excerpt":{"rendered":"<p>O\u00a0<b>soprador STIHL BG 86 C-E<\/b>\u00a0foi projetado especialmente para varri\u00e7\u00e3o, facilitando a limpeza tanto em resid\u00eancias, s\u00edtios, como na agricultura. Equipado com motor com tecnologia STIHL 2-Mix, este soprador \u00e9 econ\u00f4mico, potente e possui reduzida emiss\u00e3o de gases. Al\u00e9m destas vantagens, o soprador BG 86 C-E ainda possui um sistema de molas que fazem com que a vibra\u00e7\u00e3o seja quase impercept\u00edvel, dando maior conforto ao operador.<\/p>\n<p>&nbsp;<\/p>\n","protected":false},"featured_media":1207,"comment_status":"open","ping_status":"closed","template":"","meta":[],"product_cat":[200,343],"product_tag":[309,364],"acf":[],"_links":{"self":[{"href":"http:\/\/www.locacaodemaquinas.com.br\/site\/wp-json\/wp\/v2\/product\/986"}],"collection":[{"href":"http:\/\/www.locacaodemaquinas.com.br\/site\/wp-json\/wp\/v2\/product"}],"about":[{"href":"http:\/\/www.locacaodemaquinas.com.br\/site\/wp-json\/wp\/v2\/types\/product"}],"replies":[{"embeddable":true,"href":"http:\/\/www.locacaodemaquinas.com.br\/site\/wp-json\/wp\/v2\/comments?post=986"}],"wp:featuredmedia":[{"embeddable":true,"href":"http:\/\/www.locacaodemaquinas.com.br\/site\/wp-json\/wp\/v2\/media\/1207"}],"wp:attachment":[{"href":"http:\/\/www.locacaodemaquinas.com.br\/site\/wp-json\/wp\/v2\/media?parent=986"}],"wp:term":[{"taxonomy":"product_cat","embeddable":true,"href":"http:\/\/www.locacaodemaquinas.com.br\/site\/wp-json\/wp\/v2\/product_cat?post=986"},{"taxonomy":"product_tag","embeddable":true,"href":"http:\/\/www.locacaodemaquinas.com.br\/site\/wp-json\/wp\/v2\/product_tag?post=986"}],"curies":[{"name":"wp","href":"https:\/\/api.w.org\/{rel}","templated":true}]}}