{"id":993,"date":"2021-11-18T16:29:54","date_gmt":"2021-11-18T19:29:54","guid":{"rendered":"http:\/\/www.locacaodemaquinas.com.br\/site\/?post_type=product&#038;p=993"},"modified":"2024-04-18T16:50:55","modified_gmt":"2024-04-18T19:50:55","slug":"motosserra-gasolina-ms-170-stihl","status":"publish","type":"product","link":"http:\/\/www.locacaodemaquinas.com.br\/site\/loja\/principais-marcas\/marca-stihl\/motosserra-gasolina-ms-170-stihl\/","title":{"rendered":"Motosserra \u00e0 Gasolina MS 170 &#8211; STIHL"},"content":{"rendered":"<p>Obs: Sob os termos da marca STIHL, n\u00e3o estamos autorizados a vend\u00ea-los pela internet, mas voc\u00ea pode visitar as nossas lojas f\u00edsicas. O intuito \u00e9 apenas informativo.<\/p>\n","protected":false},"excerpt":{"rendered":"<p>A\u00a0<b>motosserra STIHL MS 170\u00a0<\/b>\u00e9 uma ferramenta leve, ideal para os trabalhos do dia a dia. Voltada ao uso ocasional, recomendada para atividades de corte de lenha, poda, servi\u00e7os leves e uso ocasional em pequenas propriedades. Possui elementos que facilitam a opera\u00e7\u00e3o, al\u00e9m do desenho ergon\u00f4mico e baixo peso. Destaca-se por ser uma m\u00e1quina de arranque r\u00e1pido, de manuten\u00e7\u00e3o pr\u00e1tica e f\u00e1cil de operar.<\/p>\n<p>Fonte: STIHL<\/p>\n","protected":false},"featured_media":977,"comment_status":"open","ping_status":"closed","template":"","meta":[],"product_cat":[342,343,522],"product_tag":[368,364],"acf":[],"_links":{"self":[{"href":"http:\/\/www.locacaodemaquinas.com.br\/site\/wp-json\/wp\/v2\/product\/993"}],"collection":[{"href":"http:\/\/www.locacaodemaquinas.com.br\/site\/wp-json\/wp\/v2\/product"}],"about":[{"href":"http:\/\/www.locacaodemaquinas.com.br\/site\/wp-json\/wp\/v2\/types\/product"}],"replies":[{"embeddable":true,"href":"http:\/\/www.locacaodemaquinas.com.br\/site\/wp-json\/wp\/v2\/comments?post=993"}],"wp:featuredmedia":[{"embeddable":true,"href":"http:\/\/www.locacaodemaquinas.com.br\/site\/wp-json\/wp\/v2\/media\/977"}],"wp:attachment":[{"href":"http:\/\/www.locacaodemaquinas.com.br\/site\/wp-json\/wp\/v2\/media?parent=993"}],"wp:term":[{"taxonomy":"product_cat","embeddable":true,"href":"http:\/\/www.locacaodemaquinas.com.br\/site\/wp-json\/wp\/v2\/product_cat?post=993"},{"taxonomy":"product_tag","embeddable":true,"href":"http:\/\/www.locacaodemaquinas.com.br\/site\/wp-json\/wp\/v2\/product_tag?post=993"}],"curies":[{"name":"wp","href":"https:\/\/api.w.org\/{rel}","templated":true}]}}