{"id":995,"date":"2021-11-18T16:28:57","date_gmt":"2021-11-18T19:28:57","guid":{"rendered":"http:\/\/www.locacaodemaquinas.com.br\/site\/?post_type=product&#038;p=995"},"modified":"2024-04-18T16:51:10","modified_gmt":"2024-04-18T19:51:10","slug":"motosserra-gasolina-ms-361-stihl","status":"publish","type":"product","link":"http:\/\/www.locacaodemaquinas.com.br\/site\/loja\/principais-marcas\/marca-stihl\/motosserra-gasolina-ms-361-stihl\/","title":{"rendered":"Motosserra \u00e0 Gasolina MS 361 &#8211; STIHL"},"content":{"rendered":"<p>Obs: Sob os termos da marca STIHL, n\u00e3o estamos autorizados a vend\u00ea-los pela internet, mas voc\u00ea pode visitar as nossas lojas f\u00edsicas. O intuito \u00e9 apenas informativo.<\/p>\n","protected":false},"excerpt":{"rendered":"<p>Voltada ao uso profissional, a\u00a0<b>motosserra STIHL MS 361<\/b>\u00a0\u00e9 de m\u00e9dio porte destaca-se pela leveza, baixo n\u00edvel de vibra\u00e7\u00e3o e de consumo de combust\u00edvel. Robusta, tem elevada vida \u00fatil e grande pot\u00eancia de corte. \u00c9 uma motosserra ideal para reflorestamento, carvoaria, agropecu\u00e1ria e servi\u00e7os em geral.<\/p>\n","protected":false},"featured_media":978,"comment_status":"open","ping_status":"closed","template":"","meta":[],"product_cat":[343],"product_tag":[368,364],"acf":[],"_links":{"self":[{"href":"http:\/\/www.locacaodemaquinas.com.br\/site\/wp-json\/wp\/v2\/product\/995"}],"collection":[{"href":"http:\/\/www.locacaodemaquinas.com.br\/site\/wp-json\/wp\/v2\/product"}],"about":[{"href":"http:\/\/www.locacaodemaquinas.com.br\/site\/wp-json\/wp\/v2\/types\/product"}],"replies":[{"embeddable":true,"href":"http:\/\/www.locacaodemaquinas.com.br\/site\/wp-json\/wp\/v2\/comments?post=995"}],"wp:featuredmedia":[{"embeddable":true,"href":"http:\/\/www.locacaodemaquinas.com.br\/site\/wp-json\/wp\/v2\/media\/978"}],"wp:attachment":[{"href":"http:\/\/www.locacaodemaquinas.com.br\/site\/wp-json\/wp\/v2\/media?parent=995"}],"wp:term":[{"taxonomy":"product_cat","embeddable":true,"href":"http:\/\/www.locacaodemaquinas.com.br\/site\/wp-json\/wp\/v2\/product_cat?post=995"},{"taxonomy":"product_tag","embeddable":true,"href":"http:\/\/www.locacaodemaquinas.com.br\/site\/wp-json\/wp\/v2\/product_tag?post=995"}],"curies":[{"name":"wp","href":"https:\/\/api.w.org\/{rel}","templated":true}]}}